{"id":5,"date":"2021-05-13T12:18:07","date_gmt":"2021-05-13T10:18:07","guid":{"rendered":"http:\/\/homobig.cluster030.hosting.ovh.net\/?page_id=5"},"modified":"2021-09-25T16:13:46","modified_gmt":"2021-09-25T14:13:46","slug":"accueil","status":"publish","type":"page","link":"https:\/\/homobilites.com\/","title":{"rendered":"Accueil"},"content":{"rendered":"\n<div class=\"wp-container-4 wp-block-group\"><div class=\"wp-block-group__inner-container\">\n<div class=\"wp-container-3 wp-block-columns\">\n<div class=\"wp-container-1 wp-block-column\"><div class='css-events-list'>Pas de \u00c9v\u00e8nements<\/div>\n\n\nIl apparait que ce quiz n\u2019est pas param\u00e9tr\u00e9 correctement\n<\/div>\n\n\n\n<div class=\"wp-container-2 wp-block-column\"><ul class=\"wp-block-latest-posts__list wp-block-latest-posts\"><li><a class=\"wp-block-latest-posts__post-title\" href=\"https:\/\/homobilites.com\/index.php\/2021\/10\/13\/annabelle-devient-role-modele-leader-lgbt-2021\/\">Annabelle devient R\u00f4le Mod\u00e8le Leader LGBT 2021<\/a><div class=\"wp-block-latest-posts__post-full-content\"><!-- wp:image {\"align\":\"center\",\"id\":432,\"sizeSlug\":\"large\",\"linkDestination\":\"none\",\"className\":\"is-style-rounded\"} -->\n<div class=\"wp-block-image is-style-rounded\"><figure class=\"aligncenter size-large\"><img loading=\"lazy\" width=\"608\" height=\"1024\" src=\"https:\/\/homobilites.com\/wp-content\/uploads\/2021\/10\/IMG-20211013-WA0000-608x1024.jpg\" alt=\"\" class=\"wp-image-432\" srcset=\"https:\/\/homobilites.com\/wp-content\/uploads\/2021\/10\/IMG-20211013-WA0000-608x1024.jpg 608w, https:\/\/homobilites.com\/wp-content\/uploads\/2021\/10\/IMG-20211013-WA0000-178x300.jpg 178w, https:\/\/homobilites.com\/wp-content\/uploads\/2021\/10\/IMG-20211013-WA0000-768x1295.jpg 768w, https:\/\/homobilites.com\/wp-content\/uploads\/2021\/10\/IMG-20211013-WA0000-911x1536.jpg 911w, https:\/\/homobilites.com\/wp-content\/uploads\/2021\/10\/IMG-20211013-WA0000.jpg 1215w\" sizes=\"(max-width: 608px) 100vw, 608px\" \/><\/figure><\/div>\n<!-- \/wp:image -->\n\n<!-- wp:paragraph -->\n<p><strong>Chaque ann\u00e9e, l\u2019Autre Cercle organise les R\u00f4les Mod\u00e8les LGBT+ et Alli\u00e9\u00b7e\u00b7s.<\/strong><\/p>\n<!-- \/wp:paragraph -->\n\n<!-- wp:paragraph -->\n<p><strong>C&rsquo;est une c\u00e9r\u00e9monie qui honore les individus qui se distinguent par leur leadership en faveur de l\u2019inclusion des personnes LGBT+ au travail.<\/strong><\/p>\n<!-- \/wp:paragraph -->\n\n<!-- wp:paragraph -->\n<p><strong>Cet \u00e9v\u00e9nement, plac\u00e9 sous le Haut Patronage du Pr\u00e9sident de la R\u00e9publique Fran\u00e7aise, prend place autour de la journ\u00e9e mondiale du Coming Out \u2013 (cette ann\u00e9e le 11 octobre).<\/strong><\/p>\n<!-- \/wp:paragraph -->\n\n<!-- wp:paragraph -->\n<p><strong>L\u2019\u00e9dition 2021 a eu lieu le mardi 12 octobre et a honor\u00e9 Annabelle notre Vice-Pr\u00e9sidente de l&rsquo;association LGBT du Groupe RATP.<\/strong><\/p>\n<!-- \/wp:paragraph -->\n\n<!-- wp:paragraph -->\n<p><strong>Bravo encore Annabelle pour cette distinction qui honore ton engagement, nous sommes toutes et tous tr\u00e8s fi\u00e8r.e.s de toi.<\/strong><\/p>\n<!-- \/wp:paragraph -->\n\n<!-- wp:paragraph -->\n<p><strong>Cliquer sur la photo pour retrouver la c\u00e9r\u00e9monie :<\/strong><\/p>\n<!-- \/wp:paragraph -->\n\n<!-- wp:image {\"id\":433,\"sizeSlug\":\"large\",\"linkDestination\":\"none\",\"className\":\"is-style-rounded\"} -->\n<figure class=\"wp-block-image size-large is-style-rounded\"><img loading=\"lazy\" width=\"1024\" height=\"633\" src=\"https:\/\/homobilites.com\/wp-content\/uploads\/2021\/10\/IMG-20211013-WA0001-1024x633.jpg\" alt=\"\" class=\"wp-image-433\" srcset=\"https:\/\/homobilites.com\/wp-content\/uploads\/2021\/10\/IMG-20211013-WA0001-1024x633.jpg 1024w, https:\/\/homobilites.com\/wp-content\/uploads\/2021\/10\/IMG-20211013-WA0001-300x185.jpg 300w, https:\/\/homobilites.com\/wp-content\/uploads\/2021\/10\/IMG-20211013-WA0001-768x474.jpg 768w, https:\/\/homobilites.com\/wp-content\/uploads\/2021\/10\/IMG-20211013-WA0001-1536x949.jpg 1536w, https:\/\/homobilites.com\/wp-content\/uploads\/2021\/10\/IMG-20211013-WA0001-1320x815.jpg 1320w, https:\/\/homobilites.com\/wp-content\/uploads\/2021\/10\/IMG-20211013-WA0001.jpg 2048w\" sizes=\"(max-width: 1024px) 100vw, 1024px\" \/><figcaption><a href=\"https:\/\/youtu.be\/g1VmrAYK5bI\" data-type=\"URL\" data-id=\"https:\/\/youtu.be\/g1VmrAYK5bI\">https:\/\/youtu.be\/g1VmrAYK5bI<\/a><\/figcaption><\/figure>\n<!-- \/wp:image --><\/div><\/li>\n<li><a class=\"wp-block-latest-posts__post-title\" href=\"https:\/\/homobilites.com\/index.php\/2021\/10\/11\/octobre-rose\/\">Octobre ROSE<\/a><div class=\"wp-block-latest-posts__post-full-content\"><!-- wp:image {\"id\":424,\"sizeSlug\":\"large\",\"linkDestination\":\"none\"} -->\n<figure class=\"wp-block-image size-large\"><img loading=\"lazy\" width=\"1024\" height=\"682\" src=\"https:\/\/homobilites.com\/wp-content\/uploads\/2021\/10\/pink-ribbon-gf87ca8e77_1920-1024x682.jpg\" alt=\"\" class=\"wp-image-424\" srcset=\"https:\/\/homobilites.com\/wp-content\/uploads\/2021\/10\/pink-ribbon-gf87ca8e77_1920-1024x682.jpg 1024w, https:\/\/homobilites.com\/wp-content\/uploads\/2021\/10\/pink-ribbon-gf87ca8e77_1920-300x200.jpg 300w, https:\/\/homobilites.com\/wp-content\/uploads\/2021\/10\/pink-ribbon-gf87ca8e77_1920-768x512.jpg 768w, https:\/\/homobilites.com\/wp-content\/uploads\/2021\/10\/pink-ribbon-gf87ca8e77_1920-1536x1023.jpg 1536w, https:\/\/homobilites.com\/wp-content\/uploads\/2021\/10\/pink-ribbon-gf87ca8e77_1920-1320x879.jpg 1320w, https:\/\/homobilites.com\/wp-content\/uploads\/2021\/10\/pink-ribbon-gf87ca8e77_1920.jpg 1920w\" sizes=\"(max-width: 1024px) 100vw, 1024px\" \/><\/figure>\n<!-- \/wp:image -->\n\n<!-- wp:paragraph -->\n<p><strong>Mois de mobilisation contre le cancer du sein<\/strong><\/p>\n<!-- \/wp:paragraph -->\n\n<!-- wp:paragraph -->\n<p>Les centres m\u00e9dicaux RATP re\u00e7oivent sur rendez-vous pour une campagne de Pr\u00e9vention et de D\u00e9pistage les :<\/p>\n<!-- \/wp:paragraph -->\n\n<!-- wp:paragraph -->\n<p>-14 octobre 2021 de 9h \u00e0 12h et de 13h \u00e0 16h \u00e0 Championnet<br>-20 octobre 2021 de 8h45 \u00e0 12h15 \u00e0 Lachambeaudie<br>-14 et 21 octobre 2021 de 9h \u00e0 10h30 \u00e0 Rueil Malmaison<br>-22 octobre 2021 de 9h \u00e0 12h et de 13h \u00e0 16h  \u00e0 Val de Fontenay<\/p>\n<!-- \/wp:paragraph -->\n\n<!-- wp:paragraph -->\n<p>N&rsquo;h\u00e9sitez pas \u00e0 relayer l&rsquo;information autour de vous. <\/p>\n<!-- \/wp:paragraph --><\/div><\/li>\n<li><a class=\"wp-block-latest-posts__post-title\" href=\"https:\/\/homobilites.com\/index.php\/2021\/09\/25\/lassociation-homobilites-sengage-avec-le-groupe-ratp\/\">L&rsquo;association Homobilit\u00e9s s&rsquo;engage avec le Groupe RATP<\/a><div class=\"wp-block-latest-posts__post-full-content\"><!-- wp:image {\"id\":406,\"sizeSlug\":\"large\",\"linkDestination\":\"none\"} -->\n<figure class=\"wp-block-image size-large\"><img loading=\"lazy\" width=\"811\" height=\"1024\" src=\"https:\/\/homobilites.com\/wp-content\/uploads\/2021\/09\/Screenshot_20210517-094449_Instagram-811x1024.jpg\" alt=\"\" class=\"wp-image-406\" srcset=\"https:\/\/homobilites.com\/wp-content\/uploads\/2021\/09\/Screenshot_20210517-094449_Instagram-811x1024.jpg 811w, https:\/\/homobilites.com\/wp-content\/uploads\/2021\/09\/Screenshot_20210517-094449_Instagram-238x300.jpg 238w, https:\/\/homobilites.com\/wp-content\/uploads\/2021\/09\/Screenshot_20210517-094449_Instagram-768x970.jpg 768w, https:\/\/homobilites.com\/wp-content\/uploads\/2021\/09\/Screenshot_20210517-094449_Instagram.jpg 1080w\" sizes=\"(max-width: 811px) 100vw, 811px\" \/><\/figure>\n<!-- \/wp:image -->\n\n<!-- wp:heading -->\n<h2>Edition d&rsquo;un guide RH pour accompagner le changement de genre et la transidentit\u00e9<\/h2>\n<!-- \/wp:heading -->\n\n<!-- wp:paragraph -->\n<p>Cet \u00e9t\u00e9, l&rsquo;association a particip\u00e9 avec la Direction du Groupe \u00e0 l&rsquo;\u00e9dition d&rsquo;un guide \u00e0 destination des \u00e9quipes RH et manag\u00e9riales pour accompagner le changement de genre et la transidentit\u00e9s des collaborateur.rice.s du groupe.<\/p>\n<!-- \/wp:paragraph -->\n\n<!-- wp:paragraph -->\n<p>Encore un grand merci \u00e0 Fr\u00e9d\u00e9ric Potier (D\u00e9l\u00e9gu\u00e9 G\u00e9n\u00e9ral \u00e0 l\u2019Ethique et \u00e0 la Conformit\u00e9 du groupe RATP) et Murielle Dubois (Mission RATP au F\u00e9minin et Inclusion) pour ce travail complet<\/p>\n<!-- \/wp:paragraph -->\n\n<!-- wp:paragraph -->\n<p>Consulter et t\u00e9l\u00e9charger le guide ici <\/p>\n<!-- \/wp:paragraph -->\n\n<!-- wp:file {\"id\":407,\"href\":\"https:\/\/homobilites.com\/wp-content\/uploads\/2021\/09\/latransidentite-vweb-27juil.pdf\",\"displayPreview\":true} -->\n<div class=\"wp-block-file\"><object class=\"wp-block-file__embed\" data=\"https:\/\/homobilites.com\/wp-content\/uploads\/2021\/09\/latransidentite-vweb-27juil.pdf\" type=\"application\/pdf\" style=\"width:100%;height:600px\" aria-label=\"Contenu embarqu\u00e9 latransidentite-vweb-27juil.\"><\/object><a href=\"https:\/\/homobilites.com\/wp-content\/uploads\/2021\/09\/latransidentite-vweb-27juil.pdf\">latransidentite-vweb-27juil<\/a><a href=\"https:\/\/homobilites.com\/wp-content\/uploads\/2021\/09\/latransidentite-vweb-27juil.pdf\" class=\"wp-block-file__button\" download>T\u00e9l\u00e9charger<\/a><\/div>\n<!-- \/wp:file --><\/div><\/li>\n<li><a class=\"wp-block-latest-posts__post-title\" href=\"https:\/\/homobilites.com\/index.php\/2021\/05\/13\/hhh\/\">HOMOBILITES partenaire du Groupe RATP pour le 17 mai 2021<\/a><div class=\"wp-block-latest-posts__post-full-content\"><!-- wp:paragraph -->\n<p>A l&rsquo;occasion de la journ\u00e9e du 17 mai 2021, Journ\u00e9e mondiale contre l&rsquo;homophobie, la transphobie et la biphobie, l&rsquo;association HOMOBILITES s&rsquo;associe avec la direction du Groupe RATP pour le lancement d&rsquo;une formation \u00e0 distance sur l&rsquo;inclusion des personnes LGBT+ au sein d\u2019une entreprise. <\/p>\n<!-- \/wp:paragraph -->\n\n<!-- wp:paragraph -->\n<p>Si vous aussi vous souhaitez participer aux \u00e9changes, t\u00e9moigner et\/ou encore tester vos connaissances, rendez vous le\u00a0<strong>17 mai\u00a0<\/strong>sur la plateforme \u00ab\u00a0<strong>Mes formations<\/strong>\u00a0\u00bb d\u2019UrbanWeb (voir le pad des applications disponibles sur Urban web).<\/p>\n<!-- \/wp:paragraph -->\n\n<!-- wp:media-text {\"mediaId\":148,\"mediaLink\":\"https:\/\/homobilites.com\/index.php\/2021\/05\/13\/hhh\/annonce-17-mai-ratp\/\",\"mediaType\":\"video\",\"mediaWidth\":85} -->\n<div class=\"wp-block-media-text alignwide is-stacked-on-mobile\" style=\"grid-template-columns:85% auto\"><figure class=\"wp-block-media-text__media\"><video><\/video><\/figure><div class=\"wp-block-media-text__content\"><!-- wp:paragraph {\"placeholder\":\"Contenu\u2026\",\"fontSize\":\"large\"} -->\n<p class=\"has-large-font-size\"><\/p>\n<!-- \/wp:paragraph --><\/div><\/div>\n<!-- \/wp:media-text --><\/div><\/li>\n<li><a class=\"wp-block-latest-posts__post-title\" href=\"https:\/\/homobilites.com\/index.php\/2021\/03\/12\/plan-national-dactions-pour-legalite-des-droits-contre-la-haine-et-les-discriminations-anti-lgbt-2020-2023\/\">Plan national d\u2019actions pour l\u2019\u00e9galit\u00e9 des droits, contre la haine et les discriminations anti-LGBT+ 2020-2023<\/a><div class=\"wp-block-latest-posts__post-full-content\"><!-- wp:paragraph -->\n<p>Les discriminations, les violences et la haine anti-LGBT+ demeurent une r\u00e9alit\u00e9 dans notre pays. Une r\u00e9alit\u00e9 inacceptable. Face \u00e0 ces LGBTphobies, face \u00e0 cette haine, le gouvernement fran\u00e7ais a une double obligation d\u2019action et de r\u00e9sultats.<br>Faire de l\u2019\u00e9galit\u00e9 pour les personnes lesbiennes, gays, bi et trans une \u00e9galit\u00e9 concr\u00e8te et effective, et faire des personnes LGBT+ des citoyennes et des citoyens \u00e0 part enti\u00e8re du pays en sont les objectifs.<br>C\u2019est pourquoi le Gouvernement lance un nouveau Plan d\u2019actions. <br>Ce Plan a \u00e9t\u00e9 con\u00e7u de mani\u00e8re interminist\u00e9rielle et en lien avec les associations LGBT+.<br><\/p>\n<!-- \/wp:paragraph -->\n\n<!-- wp:image {\"id\":299,\"sizeSlug\":\"large\",\"linkDestination\":\"none\"} -->\n<figure class=\"wp-block-image size-large\"><img loading=\"lazy\" width=\"960\" height=\"255\" src=\"https:\/\/homobilites.com\/wp-content\/uploads\/2021\/05\/dilcra_logo_header_960x255.jpg\" alt=\"\" class=\"wp-image-299\" srcset=\"https:\/\/homobilites.com\/wp-content\/uploads\/2021\/05\/dilcra_logo_header_960x255.jpg 960w, https:\/\/homobilites.com\/wp-content\/uploads\/2021\/05\/dilcra_logo_header_960x255-300x80.jpg 300w, https:\/\/homobilites.com\/wp-content\/uploads\/2021\/05\/dilcra_logo_header_960x255-768x204.jpg 768w\" sizes=\"(max-width: 960px) 100vw, 960px\" \/><\/figure>\n<!-- \/wp:image -->\n\n<!-- wp:paragraph -->\n<p>Il repose sur 4 axes :<\/p>\n<!-- \/wp:paragraph -->\n\n<!-- wp:list -->\n<ul><li>La reconnaissance des droits des personnes LGBT+ ;<\/li><li>Le renforcement de leur acc\u00e8s aux droits ;<\/li><li>La lutte contre la haine anti-LGBT+ ;<\/li><li>Et l\u2019am\u00e9lioration de la vie quotidienne.<\/li><\/ul>\n<!-- \/wp:list -->\n\n<!-- wp:paragraph -->\n<p>T\u00e9l\u00e9chargez le plan en version simple ou compl\u00e8te :<\/p>\n<!-- \/wp:paragraph -->\n\n<!-- wp:file {\"id\":297,\"href\":\"https:\/\/homobilites.com\/wp-content\/uploads\/2021\/05\/DILCRAH_Plan-LGBT_2020-2023_-A3-4pages_-VF2.pdf\"} -->\n<div class=\"wp-block-file\"><a href=\"https:\/\/homobilites.com\/wp-content\/uploads\/2021\/05\/DILCRAH_Plan-LGBT_2020-2023_-A3-4pages_-VF2.pdf\">DILCRAH_Plan-LGBT_2020-2023_-A3-4pages_-VF2<\/a><a href=\"https:\/\/homobilites.com\/wp-content\/uploads\/2021\/05\/DILCRAH_Plan-LGBT_2020-2023_-A3-4pages_-VF2.pdf\" class=\"wp-block-file__button\" download>T\u00e9l\u00e9charger<\/a><\/div>\n<!-- \/wp:file -->\n\n<!-- wp:file {\"id\":298,\"href\":\"https:\/\/homobilites.com\/wp-content\/uploads\/2021\/05\/DILCRAH_Plan-LGBT_2020-2023_-VF.pdf\"} -->\n<div class=\"wp-block-file\"><a href=\"https:\/\/homobilites.com\/wp-content\/uploads\/2021\/05\/DILCRAH_Plan-LGBT_2020-2023_-VF.pdf\">DILCRAH_Plan-LGBT_2020-2023_-VF<\/a><a href=\"https:\/\/homobilites.com\/wp-content\/uploads\/2021\/05\/DILCRAH_Plan-LGBT_2020-2023_-VF.pdf\" class=\"wp-block-file__button\" download>T\u00e9l\u00e9charger<\/a><\/div>\n<!-- \/wp:file --><\/div><\/li>\n<\/ul><\/div>\n<\/div>\n<\/div><\/div>\n","protected":false},"excerpt":{"rendered":"","protected":false},"author":1,"featured_media":0,"parent":0,"menu_order":0,"comment_status":"closed","ping_status":"closed","template":"template\/content-sidebar.php","meta":{"_bbp_topic_count":0,"_bbp_reply_count":0,"_bbp_total_topic_count":0,"_bbp_total_reply_count":0,"_bbp_voice_count":0,"_bbp_anonymous_reply_count":0,"_bbp_topic_count_hidden":0,"_bbp_reply_count_hidden":0,"_bbp_forum_subforum_count":0},"_links":{"self":[{"href":"https:\/\/homobilites.com\/index.php\/wp-json\/wp\/v2\/pages\/5"}],"collection":[{"href":"https:\/\/homobilites.com\/index.php\/wp-json\/wp\/v2\/pages"}],"about":[{"href":"https:\/\/homobilites.com\/index.php\/wp-json\/wp\/v2\/types\/page"}],"author":[{"embeddable":true,"href":"https:\/\/homobilites.com\/index.php\/wp-json\/wp\/v2\/users\/1"}],"replies":[{"embeddable":true,"href":"https:\/\/homobilites.com\/index.php\/wp-json\/wp\/v2\/comments?post=5"}],"version-history":[{"count":13,"href":"https:\/\/homobilites.com\/index.php\/wp-json\/wp\/v2\/pages\/5\/revisions"}],"predecessor-version":[{"id":409,"href":"https:\/\/homobilites.com\/index.php\/wp-json\/wp\/v2\/pages\/5\/revisions\/409"}],"wp:attachment":[{"href":"https:\/\/homobilites.com\/index.php\/wp-json\/wp\/v2\/media?parent=5"}],"curies":[{"name":"wp","href":"https:\/\/api.w.org\/{rel}","templated":true}]}}