{"id":42,"date":"2021-05-13T12:35:13","date_gmt":"2021-05-13T10:35:13","guid":{"rendered":"http:\/\/homobig.cluster030.hosting.ovh.net\/?page_id=42"},"modified":"2022-02-21T17:57:49","modified_gmt":"2022-02-21T16:57:49","slug":"contacts","status":"publish","type":"page","link":"https:\/\/homobilites.com\/index.php\/contacts\/","title":{"rendered":"Contacts"},"content":{"rendered":"\n<div class=\"wp-container-3 wp-block-group\"><div class=\"wp-block-group__inner-container\">\n<figure class=\"wp-container-2 wp-block-gallery-1 wp-block-gallery aligncenter columns-3 is-cropped\"><ul class=\"blocks-gallery-grid\"><li class=\"blocks-gallery-item\"><figure><img loading=\"lazy\" width=\"864\" height=\"1024\" src=\"https:\/\/homobilites.com\/wp-content\/uploads\/2022\/02\/IMG_3194-864x1024.jpg\" alt=\"\" data-id=\"442\" data-full-url=\"https:\/\/homobilites.com\/wp-content\/uploads\/2022\/02\/IMG_3194.jpg\" data-link=\"https:\/\/homobilites.com\/index.php\/contacts\/img_3194\/\" class=\"wp-image-442\" srcset=\"https:\/\/homobilites.com\/wp-content\/uploads\/2022\/02\/IMG_3194-864x1024.jpg 864w, https:\/\/homobilites.com\/wp-content\/uploads\/2022\/02\/IMG_3194-253x300.jpg 253w, https:\/\/homobilites.com\/wp-content\/uploads\/2022\/02\/IMG_3194-768x910.jpg 768w, https:\/\/homobilites.com\/wp-content\/uploads\/2022\/02\/IMG_3194.jpg 1242w\" sizes=\"(max-width: 864px) 100vw, 864px\" \/><figcaption class=\"blocks-gallery-item__caption\">Felipe G.C. (Secr\u00e9taire)<\/figcaption><\/figure><\/li><li class=\"blocks-gallery-item\"><figure><img loading=\"lazy\" width=\"852\" height=\"930\" src=\"https:\/\/homobilites.com\/wp-content\/uploads\/2021\/05\/IMG_8494.jpg\" alt=\"\" data-id=\"206\" data-full-url=\"https:\/\/homobilites.com\/wp-content\/uploads\/2021\/05\/IMG_8494.jpg\" data-link=\"https:\/\/homobilites.com\/index.php\/contacts\/img_8494\/\" class=\"wp-image-206\" srcset=\"https:\/\/homobilites.com\/wp-content\/uploads\/2021\/05\/IMG_8494.jpg 852w, https:\/\/homobilites.com\/wp-content\/uploads\/2021\/05\/IMG_8494-275x300.jpg 275w, https:\/\/homobilites.com\/wp-content\/uploads\/2021\/05\/IMG_8494-768x838.jpg 768w\" sizes=\"(max-width: 852px) 100vw, 852px\" \/><figcaption class=\"blocks-gallery-item__caption\">Claude W. (Tr\u00e9sorier)<\/figcaption><\/figure><\/li><li class=\"blocks-gallery-item\"><figure><img loading=\"lazy\" width=\"1024\" height=\"1024\" src=\"https:\/\/homobilites.com\/wp-content\/uploads\/2021\/05\/IMG_1882-1024x1024.jpg\" alt=\"\" data-id=\"236\" data-full-url=\"https:\/\/homobilites.com\/wp-content\/uploads\/2021\/05\/IMG_1882.jpg\" data-link=\"https:\/\/homobilites.com\/index.php\/contacts\/img_1882\/\" class=\"wp-image-236\" srcset=\"https:\/\/homobilites.com\/wp-content\/uploads\/2021\/05\/IMG_1882-1024x1024.jpg 1024w, https:\/\/homobilites.com\/wp-content\/uploads\/2021\/05\/IMG_1882-300x300.jpg 300w, https:\/\/homobilites.com\/wp-content\/uploads\/2021\/05\/IMG_1882-150x150.jpg 150w, https:\/\/homobilites.com\/wp-content\/uploads\/2021\/05\/IMG_1882-768x767.jpg 768w, https:\/\/homobilites.com\/wp-content\/uploads\/2021\/05\/IMG_1882-1320x1319.jpg 1320w, https:\/\/homobilites.com\/wp-content\/uploads\/2021\/05\/IMG_1882.jpg 1366w\" sizes=\"(max-width: 1024px) 100vw, 1024px\" \/><figcaption class=\"blocks-gallery-item__caption\">Annabelle G. (Vice-Pr\u00e9sidente)<\/figcaption><\/figure><\/li><li class=\"blocks-gallery-item\"><figure><img loading=\"lazy\" width=\"480\" height=\"480\" src=\"https:\/\/homobilites.com\/wp-content\/uploads\/2021\/05\/0_1586282943941_1.jpg\" alt=\"\" data-id=\"208\" data-full-url=\"https:\/\/homobilites.com\/wp-content\/uploads\/2021\/05\/0_1586282943941_1.jpg\" data-link=\"https:\/\/homobilites.com\/index.php\/contacts\/0_1586282943941_1\/\" class=\"wp-image-208\" srcset=\"https:\/\/homobilites.com\/wp-content\/uploads\/2021\/05\/0_1586282943941_1.jpg 480w, https:\/\/homobilites.com\/wp-content\/uploads\/2021\/05\/0_1586282943941_1-300x300.jpg 300w, https:\/\/homobilites.com\/wp-content\/uploads\/2021\/05\/0_1586282943941_1-150x150.jpg 150w\" sizes=\"(max-width: 480px) 100vw, 480px\" \/><figcaption class=\"blocks-gallery-item__caption\">Vincent H. (Pr\u00e9sident)<\/figcaption><\/figure><\/li><li class=\"blocks-gallery-item\"><figure><img loading=\"lazy\" width=\"640\" height=\"426\" src=\"https:\/\/homobilites.com\/wp-content\/uploads\/2021\/05\/human-rights-3805188_640.jpg\" alt=\"\" data-id=\"242\" data-full-url=\"https:\/\/homobilites.com\/wp-content\/uploads\/2021\/05\/human-rights-3805188_640.jpg\" data-link=\"https:\/\/homobilites.com\/index.php\/contacts\/human-rights-3805188_640\/\" class=\"wp-image-242\" srcset=\"https:\/\/homobilites.com\/wp-content\/uploads\/2021\/05\/human-rights-3805188_640.jpg 640w, https:\/\/homobilites.com\/wp-content\/uploads\/2021\/05\/human-rights-3805188_640-300x200.jpg 300w\" sizes=\"(max-width: 640px) 100vw, 640px\" \/><\/figure><\/li><\/ul><\/figure>\n<\/div><\/div>\n\n\n\n<p>Contactez-nous aux adresses suivantes :<br>&#8211; <a href=\"mailto:contact@homobilites.com\">contact@homobilites.com<\/a> : pour toutes questions relatives \u00e0 l&rsquo;association.<br>&#8211; <a href=\"mailto:secretariat@homobilites.com\">secretariat@homobilites.com<\/a> : pour contacter votre secr\u00e9tariat.<br>&#8211; <a href=\"mailto:vice-presidence@homobilites.com\">vice-presidence@homobilites.com<\/a> : pour contacter la Vice-Pr\u00e9sidente Annabelle G.<br>&#8211; <a href=\"mailto:presidence@homobilites.com\">presidence@homobilites.com<\/a> : pour contacter le Pr\u00e9sident Vincent H.<\/p>\n\n\n\n<p>Ou par t\u00e9l\u00e9phone au <strong>01.58.77.39.42<\/strong><\/p>\n\n\n\n<p>Ou en se donnant rendez-vous au <strong>161 rue des Poissonniers 75018 Paris<\/strong><\/p>\n\n\n\n<p>En cas d&rsquo;urgence : S.O.S Homophobie au <strong>01.48.06.42.41<\/strong><\/p>\n","protected":false},"excerpt":{"rendered":"<p>Contactez-nous aux adresses suivantes :&#8211; contact@homobilites.com : pour toutes questions relatives \u00e0 l&rsquo;association.&#8211; secretariat@homobilites.com : pour contacter votre secr\u00e9tariat.&#8211; vice-presidence@homobilites.com : pour contacter la Vice-Pr\u00e9sidente Annabelle G.&#8211; presidence@homobilites.com : pour contacter le Pr\u00e9sident Vincent H. Ou par t\u00e9l\u00e9phone au 01.58.77.39.42&#8230; <a href=\"https:\/\/homobilites.com\/index.php\/contacts\/\" class=\"readmore\">Read more<span class=\"screen-reader-text\">Contacts<\/span><span class=\"fa fa-angle-double-right\" aria-hidden=\"true\"><\/span><\/a><\/p>\n","protected":false},"author":1,"featured_media":0,"parent":0,"menu_order":0,"comment_status":"closed","ping_status":"closed","template":"","meta":{"_bbp_topic_count":0,"_bbp_reply_count":0,"_bbp_total_topic_count":0,"_bbp_total_reply_count":0,"_bbp_voice_count":0,"_bbp_anonymous_reply_count":0,"_bbp_topic_count_hidden":0,"_bbp_reply_count_hidden":0,"_bbp_forum_subforum_count":0},"_links":{"self":[{"href":"https:\/\/homobilites.com\/index.php\/wp-json\/wp\/v2\/pages\/42"}],"collection":[{"href":"https:\/\/homobilites.com\/index.php\/wp-json\/wp\/v2\/pages"}],"about":[{"href":"https:\/\/homobilites.com\/index.php\/wp-json\/wp\/v2\/types\/page"}],"author":[{"embeddable":true,"href":"https:\/\/homobilites.com\/index.php\/wp-json\/wp\/v2\/users\/1"}],"replies":[{"embeddable":true,"href":"https:\/\/homobilites.com\/index.php\/wp-json\/wp\/v2\/comments?post=42"}],"version-history":[{"count":11,"href":"https:\/\/homobilites.com\/index.php\/wp-json\/wp\/v2\/pages\/42\/revisions"}],"predecessor-version":[{"id":443,"href":"https:\/\/homobilites.com\/index.php\/wp-json\/wp\/v2\/pages\/42\/revisions\/443"}],"wp:attachment":[{"href":"https:\/\/homobilites.com\/index.php\/wp-json\/wp\/v2\/media?parent=42"}],"curies":[{"name":"wp","href":"https:\/\/api.w.org\/{rel}","templated":true}]}}