{"id":40,"date":"2021-05-13T12:34:16","date_gmt":"2021-05-13T10:34:16","guid":{"rendered":"http:\/\/homobig.cluster030.hosting.ovh.net\/?page_id=40"},"modified":"2021-05-13T22:35:34","modified_gmt":"2021-05-13T20:35:34","slug":"partenaires","status":"publish","type":"page","link":"https:\/\/homobilites.com\/index.php\/partenaires\/","title":{"rendered":"Partenaires"},"content":{"rendered":"\n<div class=\"wp-block-media-text alignwide is-stacked-on-mobile\" style=\"grid-template-columns:15% auto\"><figure class=\"wp-block-media-text__media\"><img loading=\"lazy\" width=\"398\" height=\"480\" src=\"https:\/\/homobilites.com\/wp-content\/uploads\/2021\/05\/398px-RATP.svg_.png\" alt=\"\" class=\"wp-image-59 size-full\" srcset=\"https:\/\/homobilites.com\/wp-content\/uploads\/2021\/05\/398px-RATP.svg_.png 398w, https:\/\/homobilites.com\/wp-content\/uploads\/2021\/05\/398px-RATP.svg_-249x300.png 249w\" sizes=\"(max-width: 398px) 100vw, 398px\" \/><\/figure><div class=\"wp-block-media-text__content\">\n<p class=\"has-normal-font-size\">Ils sont nos premiers partenaires : la RATP.<br>Merci \u00e0 la Direction du Groupe pour vos actions.<\/p>\n\n\n\n<p><a href=\"https:\/\/www.ratp.fr\/\">https:\/\/www.ratp.fr\/<\/a><\/p>\n<\/div><\/div>\n\n\n\n<div class=\"wp-block-media-text alignwide is-stacked-on-mobile has-cyan-bluish-gray-background-color has-background\" style=\"grid-template-columns:15% auto\"><figure class=\"wp-block-media-text__media\"><img loading=\"lazy\" width=\"300\" height=\"211\" src=\"https:\/\/homobilites.com\/wp-content\/uploads\/2021\/05\/COMIN-G-entete_site.png\" alt=\"\" class=\"wp-image-60 size-full\"\/><\/figure><div class=\"wp-block-media-text__content\">\n<p><strong>COMIN-G<\/strong>\u00a0est l\u2019association des personnels lesbiennes, gays, bi et trans. (LGBT) du Minist\u00e8re de l\u2019Economie, des Finances et de l\u2019Industrie.<br>Une association et des adh\u00e9rent.e.s ami.e.s<\/p>\n\n\n\n<p><a href=\"http:\/\/comin-g.org\/\" data-type=\"URL\" data-id=\"http:\/\/comin-g.org\/\">http:\/\/comin-g.org\/<\/a><\/p>\n<\/div><\/div>\n\n\n\n<div class=\"wp-block-media-text alignwide is-stacked-on-mobile has-white-background-color has-background\" style=\"grid-template-columns:15% auto\"><figure class=\"wp-block-media-text__media\"><img loading=\"lazy\" width=\"200\" height=\"81\" src=\"https:\/\/homobilites.com\/wp-content\/uploads\/2021\/05\/cropped-2019_Logo_Gare-blanc-200x81-1.png\" alt=\"\" class=\"wp-image-67 size-full\"\/><\/figure><div class=\"wp-block-media-text__content\">\n<p><strong>Gare !<\/strong> Association des LGBT+ du Groupe SNCF.<br>Des coll\u00e8gues de la mobilit\u00e9.<\/p>\n\n\n\n<p><a href=\"https:\/\/asso-gare.org\/\">Gare ! \u2013 association LGBT+ du groupe SNCF (asso-gare.org)<\/a><\/p>\n<\/div><\/div>\n\n\n\n<div class=\"wp-block-media-text alignwide is-stacked-on-mobile has-cyan-bluish-gray-background-color has-background\" style=\"grid-template-columns:15% auto\"><figure class=\"wp-block-media-text__media\"><img loading=\"lazy\" width=\"1024\" height=\"518\" src=\"https:\/\/homobilites.com\/wp-content\/uploads\/2021\/05\/logo_2018-1024x518.png\" alt=\"\" class=\"wp-image-72 size-full\" srcset=\"https:\/\/homobilites.com\/wp-content\/uploads\/2021\/05\/logo_2018-1024x518.png 1024w, https:\/\/homobilites.com\/wp-content\/uploads\/2021\/05\/logo_2018-300x152.png 300w, https:\/\/homobilites.com\/wp-content\/uploads\/2021\/05\/logo_2018-768x389.png 768w, https:\/\/homobilites.com\/wp-content\/uploads\/2021\/05\/logo_2018.png 1077w\" sizes=\"(max-width: 1024px) 100vw, 1024px\" \/><\/figure><div class=\"wp-block-media-text__content\">\n<p><strong>SOShomophobie<\/strong> Association nationale de lutte contre la lesbophobie, la gayphobie, la biphobie et la transphobie.<br>Une association partenaire pour le Sidaction.<\/p>\n\n\n\n<p><a href=\"https:\/\/www.sos-homophobie.org\/\">https:\/\/www.sos-homophobie.org\/<\/a><\/p>\n<\/div><\/div>\n\n\n\n<div class=\"wp-block-media-text alignwide is-stacked-on-mobile has-white-background-color has-background\" style=\"grid-template-columns:15% auto\"><figure class=\"wp-block-media-text__media\"><img loading=\"lazy\" width=\"820\" height=\"445\" src=\"https:\/\/homobilites.com\/wp-content\/uploads\/2021\/05\/AC-1.jpg\" alt=\"\" class=\"wp-image-70 size-full\" srcset=\"https:\/\/homobilites.com\/wp-content\/uploads\/2021\/05\/AC-1.jpg 820w, https:\/\/homobilites.com\/wp-content\/uploads\/2021\/05\/AC-1-300x163.jpg 300w, https:\/\/homobilites.com\/wp-content\/uploads\/2021\/05\/AC-1-768x417.jpg 768w\" sizes=\"(max-width: 820px) 100vw, 820px\" \/><\/figure><div class=\"wp-block-media-text__content\">\n<p><strong>L&rsquo;Autre Cercle<\/strong> est l\u2019acteur\u00a0fran\u00e7ais de r\u00e9f\u00e9rence qui\u00a0\u0153uvre pour l\u2019inclusion des personnes LGBT+\u00a0dans le monde du travail.<br>La convergence des missions.<\/p>\n\n\n\n<p><a href=\"https:\/\/www.autrecercle.org\/\">https:\/\/www.autrecercle.org\/<\/a><\/p>\n<\/div><\/div>\n\n\n\n<div class=\"wp-block-media-text alignwide is-stacked-on-mobile has-cyan-bluish-gray-background-color has-background\" style=\"grid-template-columns:15% auto\"><figure class=\"wp-block-media-text__media\"><img loading=\"lazy\" width=\"248\" height=\"279\" src=\"https:\/\/homobilites.com\/wp-content\/uploads\/2021\/05\/logo_ceratp.png\" alt=\"\" class=\"wp-image-74 size-full\"\/><\/figure><div class=\"wp-block-media-text__content\">\n<p><strong>CRE RATP<\/strong> Comit\u00e9 d&rsquo;entreprise de la RATP.<br>Merci de votre soutien.<\/p>\n\n\n\n<p><a href=\"https:\/\/www.ce.ratp.fr\/\">https:\/\/www.ce.ratp.fr\/<\/a><\/p>\n<\/div><\/div>\n\n\n\n<div class=\"wp-block-media-text alignwide is-stacked-on-mobile has-white-background-color has-background\" style=\"grid-template-columns:15% auto\"><figure class=\"wp-block-media-text__media\"><img loading=\"lazy\" width=\"1024\" height=\"472\" src=\"https:\/\/homobilites.com\/wp-content\/uploads\/2021\/05\/homo-micro-logo-1024x472.png\" alt=\"\" class=\"wp-image-126 size-full\" srcset=\"https:\/\/homobilites.com\/wp-content\/uploads\/2021\/05\/homo-micro-logo-1024x472.png 1024w, https:\/\/homobilites.com\/wp-content\/uploads\/2021\/05\/homo-micro-logo-300x138.png 300w, https:\/\/homobilites.com\/wp-content\/uploads\/2021\/05\/homo-micro-logo-768x354.png 768w, https:\/\/homobilites.com\/wp-content\/uploads\/2021\/05\/homo-micro-logo-1536x709.png 1536w, https:\/\/homobilites.com\/wp-content\/uploads\/2021\/05\/homo-micro-logo-2048x945.png 2048w, https:\/\/homobilites.com\/wp-content\/uploads\/2021\/05\/homo-micro-logo-1320x609.png 1320w\" sizes=\"(max-width: 1024px) 100vw, 1024px\" \/><\/figure><div class=\"wp-block-media-text__content\">\n<p><strong>Homomicro<\/strong> l&rsquo;\u00e9mission de radio LGBTQI+ qui se prend aux mots.<br>Merci pour toutes vos \u00e9missions inspirantes et culturelles.<\/p>\n\n\n\n<p><a href=\"https:\/\/www.podcastics.com\/podcast\/homomicro\/\">https:\/\/www.podcastics.com\/podcast\/homomicro\/<\/a><\/p>\n<\/div><\/div>\n\n\n\n<p><\/p>\n","protected":false},"excerpt":{"rendered":"<p>Ils sont nos premiers partenaires : la RATP.Merci \u00e0 la Direction du Groupe pour vos actions. https:\/\/www.ratp.fr\/ COMIN-G\u00a0est l\u2019association des personnels lesbiennes, gays, bi et trans. (LGBT) du Minist\u00e8re de l\u2019Economie, des Finances et de l\u2019Industrie.Une association et des adh\u00e9rent.e.s&#8230; <a href=\"https:\/\/homobilites.com\/index.php\/partenaires\/\" class=\"readmore\">Read more<span class=\"screen-reader-text\">Partenaires<\/span><span class=\"fa fa-angle-double-right\" aria-hidden=\"true\"><\/span><\/a><\/p>\n","protected":false},"author":1,"featured_media":0,"parent":0,"menu_order":0,"comment_status":"closed","ping_status":"closed","template":"template\/full-width.php","meta":{"_bbp_topic_count":0,"_bbp_reply_count":0,"_bbp_total_topic_count":0,"_bbp_total_reply_count":0,"_bbp_voice_count":0,"_bbp_anonymous_reply_count":0,"_bbp_topic_count_hidden":0,"_bbp_reply_count_hidden":0,"_bbp_forum_subforum_count":0},"_links":{"self":[{"href":"https:\/\/homobilites.com\/index.php\/wp-json\/wp\/v2\/pages\/40"}],"collection":[{"href":"https:\/\/homobilites.com\/index.php\/wp-json\/wp\/v2\/pages"}],"about":[{"href":"https:\/\/homobilites.com\/index.php\/wp-json\/wp\/v2\/types\/page"}],"author":[{"embeddable":true,"href":"https:\/\/homobilites.com\/index.php\/wp-json\/wp\/v2\/users\/1"}],"replies":[{"embeddable":true,"href":"https:\/\/homobilites.com\/index.php\/wp-json\/wp\/v2\/comments?post=40"}],"version-history":[{"count":12,"href":"https:\/\/homobilites.com\/index.php\/wp-json\/wp\/v2\/pages\/40\/revisions"}],"predecessor-version":[{"id":323,"href":"https:\/\/homobilites.com\/index.php\/wp-json\/wp\/v2\/pages\/40\/revisions\/323"}],"wp:attachment":[{"href":"https:\/\/homobilites.com\/index.php\/wp-json\/wp\/v2\/media?parent=40"}],"curies":[{"name":"wp","href":"https:\/\/api.w.org\/{rel}","templated":true}]}}