{"id":197,"date":"2021-05-13T20:51:16","date_gmt":"2021-05-13T18:51:16","guid":{"rendered":"http:\/\/homobilites.com\/?page_id=197"},"modified":"2021-05-13T20:57:05","modified_gmt":"2021-05-13T18:57:05","slug":"adhesions-termes-et-conditions","status":"publish","type":"page","link":"https:\/\/homobilites.com\/index.php\/membership-login\/adhesions-termes-et-conditions\/","title":{"rendered":"Adh\u00e9sions &#8211; Termes et conditions"},"content":{"rendered":"\n<p>Les informations recueillies, \u00e0 titre r\u00e9glementaires et contractuel, sur ce formulaire sont enregistr\u00e9es dans un fichier informatis\u00e9 par HOMOBILITES pour la gestion des adh\u00e9rents de l\u2019association, gestion des \u00e9criturescomptables, gestion des activit\u00e9s de l\u2019association, gestion de la vente des goodies, gestion du site internet et des listes de diffusion de l\u2019association.<\/p>\n\n\n\n<p>Elles sont conserv\u00e9es pendant 10 ans pour les noms et pr\u00e9noms (dans le cadre des obligations fiscales); 1 an pour toute autre information et sont destin\u00e9es \u00e0 l\u2019association HOMOBILITES, sous couvert de notre charte de confidentialit\u00e9, dans le cadre du contr\u00f4le annuel des comptes (obligation OPC).<\/p>\n\n\n\n<p>Le droit \u00e0 l\u2019image accord\u00e9 \u00e0 l\u2019association HOMOBILITES lui conf\u00e8re le droit d\u2019utilisation des supports pour 30 ans. Le retrait des photos, images\u2026 vous concernant avant ce d\u00e9lai devra faire l\u2019objet d\u2019une demande aupr\u00e8s du Pr\u00e9sident de l\u2019association par lettre recommand\u00e9es avec accus\u00e9 de r\u00e9ception \u00e0 l\u2019adresse du si\u00e8ge de l\u2019association (161 rue des Poissonniers 75018 Paris). Par ailleurs, une autorisation sp\u00e9cifique du droit \u00e0 l\u2019image pourra \u00eatre conclue avec l\u2019adh\u00e9rent lors de diff\u00e9rents \u00e9v\u00e9nements organis\u00e9s par l\u2019association. Elle pr\u00e9cisera la dur\u00e9e ainsi que les modalit\u00e9s de retrait.<\/p>\n\n\n\n<p>Conform\u00e9ment \u00e0 la loi \u00ab Informatique et libert\u00e9s \u00bb, vous pouvez exercer vos droits d\u2019acc\u00e8s aux donn\u00e9es vous concernant et les faire rectifier en contactant le bureau de l\u2019association avec l\u2019adresse mail : droitscnil@homobilites.com<\/p>\n\n\n\n<p>Nous vous informons de l\u2019existence de la liste d\u2019opposition au d\u00e9marchage t\u00e9l\u00e9phonique \u00ab Bloctel \u00bb sur laquelle vous pouvez vous inscrire sur : https:\/\/conso.bloctel.f\/ et de la d\u00e9claration de nos fichiers aupr\u00e8s de la CNIL.<\/p>\n","protected":false},"excerpt":{"rendered":"<p>Les informations recueillies, \u00e0 titre r\u00e9glementaires et contractuel, sur ce formulaire sont enregistr\u00e9es dans un fichier informatis\u00e9 par HOMOBILITES pour la gestion des adh\u00e9rents de l\u2019association, gestion des \u00e9criturescomptables, gestion des activit\u00e9s de l\u2019association, gestion de la vente des goodies,&#8230; <a href=\"https:\/\/homobilites.com\/index.php\/membership-login\/adhesions-termes-et-conditions\/\" class=\"readmore\">Read more<span class=\"screen-reader-text\">Adh\u00e9sions &#8211; Termes et conditions<\/span><span class=\"fa fa-angle-double-right\" aria-hidden=\"true\"><\/span><\/a><\/p>\n","protected":false},"author":4,"featured_media":0,"parent":134,"menu_order":0,"comment_status":"closed","ping_status":"closed","template":"","meta":{"_bbp_topic_count":0,"_bbp_reply_count":0,"_bbp_total_topic_count":0,"_bbp_total_reply_count":0,"_bbp_voice_count":0,"_bbp_anonymous_reply_count":0,"_bbp_topic_count_hidden":0,"_bbp_reply_count_hidden":0,"_bbp_forum_subforum_count":0},"_links":{"self":[{"href":"https:\/\/homobilites.com\/index.php\/wp-json\/wp\/v2\/pages\/197"}],"collection":[{"href":"https:\/\/homobilites.com\/index.php\/wp-json\/wp\/v2\/pages"}],"about":[{"href":"https:\/\/homobilites.com\/index.php\/wp-json\/wp\/v2\/types\/page"}],"author":[{"embeddable":true,"href":"https:\/\/homobilites.com\/index.php\/wp-json\/wp\/v2\/users\/4"}],"replies":[{"embeddable":true,"href":"https:\/\/homobilites.com\/index.php\/wp-json\/wp\/v2\/comments?post=197"}],"version-history":[{"count":1,"href":"https:\/\/homobilites.com\/index.php\/wp-json\/wp\/v2\/pages\/197\/revisions"}],"predecessor-version":[{"id":201,"href":"https:\/\/homobilites.com\/index.php\/wp-json\/wp\/v2\/pages\/197\/revisions\/201"}],"up":[{"embeddable":true,"href":"https:\/\/homobilites.com\/index.php\/wp-json\/wp\/v2\/pages\/134"}],"wp:attachment":[{"href":"https:\/\/homobilites.com\/index.php\/wp-json\/wp\/v2\/media?parent=197"}],"curies":[{"name":"wp","href":"https:\/\/api.w.org\/{rel}","templated":true}]}}